{"id":11088,"date":"2024-10-25T16:41:00","date_gmt":"2024-10-25T19:41:00","guid":{"rendered":"https:\/\/horizondistribuidora.com\/?post_type=product&#038;p=11088"},"modified":"2024-12-18T15:30:21","modified_gmt":"2024-12-18T18:30:21","slug":"motor-ayvolt-35mm-10nm-autovolt","status":"publish","type":"product","link":"https:\/\/horizondistribuidora.com\/index.php\/produto\/motor-ayvolt-35mm-10nm-autovolt\/","title":{"rendered":"MOTOR AYVOLT 35MM\/10NM AUTOVOLT"},"content":{"rendered":"<p>MOTOR AYVOLT 35MM\/10Nm\/30KG\/27RPM. AUTOVOLT 100\/240V. MULTIPLATAFORMAS: CONTATO SECO + CONTATO L\u00d3GICO + RF 433.92MHZ + BLUETOOTH + WIFI E ZIGBEE. GIRO ILIMITADO. LAN\u00c7AMENTO 7a GERA\u00c7\u00c3O.<\/p>\n<p>&nbsp;<\/p>\n","protected":false},"excerpt":{"rendered":"<p>MOTOR AYVOLT 35MM\/10Nm\/30KG\/27RPM. AUTOVOLT 100\/240V. MULTIPLATAFORMAS: CONTATO SECO + CONTATO L\u00d3GICO + RF 433.92MHZ + BLUETOOTH + WIFI E ZIGBEE.<\/p>\n","protected":false},"featured_media":11091,"comment_status":"open","ping_status":"closed","template":"","meta":{"_acf_changed":false},"product_brand":[],"product_cat":[152],"product_tag":[],"class_list":{"0":"post-11088","1":"product","2":"type-product","3":"status-publish","4":"has-post-thumbnail","6":"product_cat-motorizacao","8":"first","9":"instock","10":"shipping-taxable","11":"purchasable","12":"product-type-simple"},"acf":[],"_links":{"self":[{"href":"https:\/\/horizondistribuidora.com\/index.php\/wp-json\/wp\/v2\/product\/11088","targetHints":{"allow":["GET"]}}],"collection":[{"href":"https:\/\/horizondistribuidora.com\/index.php\/wp-json\/wp\/v2\/product"}],"about":[{"href":"https:\/\/horizondistribuidora.com\/index.php\/wp-json\/wp\/v2\/types\/product"}],"replies":[{"embeddable":true,"href":"https:\/\/horizondistribuidora.com\/index.php\/wp-json\/wp\/v2\/comments?post=11088"}],"version-history":[{"count":4,"href":"https:\/\/horizondistribuidora.com\/index.php\/wp-json\/wp\/v2\/product\/11088\/revisions"}],"predecessor-version":[{"id":11116,"href":"https:\/\/horizondistribuidora.com\/index.php\/wp-json\/wp\/v2\/product\/11088\/revisions\/11116"}],"wp:featuredmedia":[{"embeddable":true,"href":"https:\/\/horizondistribuidora.com\/index.php\/wp-json\/wp\/v2\/media\/11091"}],"wp:attachment":[{"href":"https:\/\/horizondistribuidora.com\/index.php\/wp-json\/wp\/v2\/media?parent=11088"}],"wp:term":[{"taxonomy":"product_brand","embeddable":true,"href":"https:\/\/horizondistribuidora.com\/index.php\/wp-json\/wp\/v2\/product_brand?post=11088"},{"taxonomy":"product_cat","embeddable":true,"href":"https:\/\/horizondistribuidora.com\/index.php\/wp-json\/wp\/v2\/product_cat?post=11088"},{"taxonomy":"product_tag","embeddable":true,"href":"https:\/\/horizondistribuidora.com\/index.php\/wp-json\/wp\/v2\/product_tag?post=11088"}],"curies":[{"name":"wp","href":"https:\/\/api.w.org\/{rel}","templated":true}]}}