{"id":11160,"date":"2024-10-28T12:27:45","date_gmt":"2024-10-28T15:27:45","guid":{"rendered":"https:\/\/horizondistribuidora.com\/?post_type=product&#038;p=11160"},"modified":"2024-10-28T16:52:07","modified_gmt":"2024-10-28T19:52:07","slug":"bucha-duopower-6mm","status":"publish","type":"product","link":"https:\/\/horizondistribuidora.com\/index.php\/produto\/bucha-duopower-6mm\/","title":{"rendered":"Bucha DuoPower 6mm"},"content":{"rendered":"<p>A DuoPower da fischer \u00e9 uma bucha inteligente de 2 componentes com tr\u00eas princ\u00edpios de funcionamento. A DuoPower da fischer \u00e9 ideal para fixa\u00e7\u00f5es em todos os materiais de constru\u00e7\u00e3o. Isto permite aplica\u00e7\u00f5es muito vers\u00e1teis com apenas uma bucha. A DuoPower da fischer adapta-se naturalmente ao material e distribui os m\u00e1ximos valores de carga mediante os tr\u00eas princ\u00edpios funcionais de bloqueio, expans\u00e3o e tor\u00e7\u00e3o.<\/p>\n","protected":false},"excerpt":{"rendered":"<p>A DuoPower da fischer \u00e9 uma bucha inteligente de 2 componentes com tr\u00eas princ\u00edpios de funcionamento. A DuoPower da fischer<\/p>\n","protected":false},"featured_media":11159,"comment_status":"open","ping_status":"closed","template":"","meta":{"_acf_changed":false},"product_brand":[],"product_cat":[156,143,142],"product_tag":[154],"class_list":{"0":"post-11160","1":"product","2":"type-product","3":"status-publish","4":"has-post-thumbnail","6":"product_cat-6mm","7":"product_cat-buchas","8":"product_cat-componentes-de-fixacoes-gerais","9":"product_tag-6mm","11":"first","12":"instock","13":"shipping-taxable","14":"purchasable","15":"product-type-simple"},"acf":[],"_links":{"self":[{"href":"https:\/\/horizondistribuidora.com\/index.php\/wp-json\/wp\/v2\/product\/11160","targetHints":{"allow":["GET"]}}],"collection":[{"href":"https:\/\/horizondistribuidora.com\/index.php\/wp-json\/wp\/v2\/product"}],"about":[{"href":"https:\/\/horizondistribuidora.com\/index.php\/wp-json\/wp\/v2\/types\/product"}],"replies":[{"embeddable":true,"href":"https:\/\/horizondistribuidora.com\/index.php\/wp-json\/wp\/v2\/comments?post=11160"}],"version-history":[{"count":2,"href":"https:\/\/horizondistribuidora.com\/index.php\/wp-json\/wp\/v2\/product\/11160\/revisions"}],"predecessor-version":[{"id":11172,"href":"https:\/\/horizondistribuidora.com\/index.php\/wp-json\/wp\/v2\/product\/11160\/revisions\/11172"}],"wp:featuredmedia":[{"embeddable":true,"href":"https:\/\/horizondistribuidora.com\/index.php\/wp-json\/wp\/v2\/media\/11159"}],"wp:attachment":[{"href":"https:\/\/horizondistribuidora.com\/index.php\/wp-json\/wp\/v2\/media?parent=11160"}],"wp:term":[{"taxonomy":"product_brand","embeddable":true,"href":"https:\/\/horizondistribuidora.com\/index.php\/wp-json\/wp\/v2\/product_brand?post=11160"},{"taxonomy":"product_cat","embeddable":true,"href":"https:\/\/horizondistribuidora.com\/index.php\/wp-json\/wp\/v2\/product_cat?post=11160"},{"taxonomy":"product_tag","embeddable":true,"href":"https:\/\/horizondistribuidora.com\/index.php\/wp-json\/wp\/v2\/product_tag?post=11160"}],"curies":[{"name":"wp","href":"https:\/\/api.w.org\/{rel}","templated":true}]}}